{"id":4108,"date":"2019-05-20T01:56:38","date_gmt":"2019-05-19T22:56:38","guid":{"rendered":"https:\/\/rexhotel.gr\/?page_id=4108"},"modified":"2021-05-02T04:08:45","modified_gmt":"2021-05-02T01:08:45","slug":"sejour","status":"publish","type":"page","link":"https:\/\/rexhotel.gr\/fr\/sejour\/","title":{"rendered":"Sejour"},"content":{"rendered":"<section class=\"wpb-content-wrapper\"><p>[vc_row full_width=\u00a0\u00bbstretch_row\u00a0\u00bb css_animation=\u00a0\u00bbfadeIn\u00a0\u00bb bg_type=\u00a0\u00bbimage\u00a0\u00bb parallax_style=\u00a0\u00bbvcpb-vz-jquery\u00a0\u00bb bg_image_repeat=\u00a0\u00bbno-repeat\u00a0\u00bb enable_overlay=\u00a0\u00bbenable_overlay_value\u00a0\u00bb overlay_color=\u00a0\u00bb#000000&Prime; css=\u00a0\u00bb.vc_custom_1554375708583{background-image: url(https:\/\/rexhotel.gr\/wp-content\/uploads\/2019\/04\/Rex-Hotel-\u039e\u03b5\u03bd\u03bf\u03b4\u03bf\u03c7\u03b5\u03af\u03bf-4-\u0391\u03c3\u03c4\u03ad\u03c1\u03c9\u03bd-\u039a\u03b1\u03bb\u03b1\u03bc\u03ac\u03c4\u03b1-Accommodation-1.jpg?id=2756) !important;background-position: center !important;background-repeat: no-repeat !important;background-size: cover !important;}\u00a0\u00bb][vc_column][vc_empty_space height=\u00a0\u00bb250&Prime;][vc_custom_heading text=\u00a0\u00bbSejour\u00a0\u00bb font_container=\u00a0\u00bbtag:h1|text_align:center|color:%23ffffff\u00a0\u00bb use_theme_fonts=\u00a0\u00bbyes\u00a0\u00bb css=\u00a0\u00bb.vc_custom_1558306060964{margin-bottom: 35px !important;}\u00a0\u00bb el_class=\u00a0\u00bbh1-title\u00a0\u00bb][vc_single_image image=\u00a0\u00bb1276&Prime; img_size=\u00a0\u00bblarge\u00a0\u00bb css_animation=\u00a0\u00bbflipInX\u00a0\u00bb el_class=\u00a0\u00bbspa-divider\u00a0\u00bb][vc_column_text]<\/p>\n<p style=\"text-align: center;\"><span style=\"color: #ffffff;\">Le s\u00e9jour le plus \u00ab\u00a0classique\u00a0\u00bb au centre-ville!<\/span><\/p>\n<p>[\/vc_column_text][vc_empty_space height=\u00a0\u00bb50&Prime;][\/vc_column][\/vc_row][vc_row][vc_column][lab_portfolio_items category_filter=\u00a0\u00bbno\u00a0\u00bb portfolio_type=\u00a0\u00bbtype-2&Prime; portfolio_query=\u00a0\u00bbsize:3|order_by:date|post_type:,portfolio|tax_query:45,46&Prime;][\/vc_column][\/vc_row][vc_row full_width=\u00a0\u00bbstretch_row\u00a0\u00bb][vc_column][vc_custom_heading text=\u00a0\u00bbRooms overview\u00a0\u00bb font_container=\u00a0\u00bbtag:h3|font_size:40|text_align:center\u00a0\u00bb use_theme_fonts=\u00a0\u00bbyes\u00a0\u00bb css=\u00a0\u00bb.vc_custom_1547261256231{margin-top: 40px !important;}\u00a0\u00bb][vc_column_text]<img decoding=\"async\" loading=\"lazy\" class=\"title-divider aligncenter wp-image-1276\" src=\"https:\/\/rexhotel.gr\/wp-content\/uploads\/2018\/03\/divider2.png\" alt=\"\" width=\"250\" height=\"22\" srcset=\"https:\/\/rexhotel.gr\/wp-content\/uploads\/2018\/03\/divider2.png 432w, https:\/\/rexhotel.gr\/wp-content\/uploads\/2018\/03\/divider2-300x26.png 300w\" sizes=\"(max-width: 250px) 100vw, 250px\" \/>[\/vc_column_text][\/vc_column][\/vc_row][vc_row full_width=\u00a0\u00bbstretch_row\u00a0\u00bb css=\u00a0\u00bb.vc_custom_1554369033506{border-bottom-width: 1px !important;padding-bottom: 50px !important;background-color: #fafafa !important;border-bottom-color: #eeeeee !important;}\u00a0\u00bb][vc_column][vc_row_inner][vc_column_inner width=\u00a0\u00bb1\/4&Prime;][vc_custom_heading text=\u00a0\u00bbChambres Standard\u00a0\u00bb font_container=\u00a0\u00bbtag:h4|font_size:35|text_align:left\u00a0\u00bb use_theme_fonts=\u00a0\u00bbyes\u00a0\u00bb el_class=\u00a0\u00bbh1-title\u00a0\u00bb][\/vc_column_inner][vc_column_inner width=\u00a0\u00bb3\/4&Prime;][vc_column_text css=\u00a0\u00bb.vc_custom_1558306133548{margin-bottom: 20px !important;}\u00a0\u00bb]Bienvenue dans nos chambres standard divis\u00e9es en chambres simples, doubles (1 grand lit ou 2 lits individuels) ou triples. D\u2019une surface de 19 \u00e0 20 m2, offrent simplicit\u00e9 et confort maximal aux clients qui viennent pour un voyage d&rsquo;affaires ou pour des vacances. Les couleurs terreuses de la d\u00e9coration et du mobilier, les balcons individuels, les parquets en ch\u00eane et la lumi\u00e8re abondante du soleil venant des fen\u00eatres, assurent a nos clients un s\u00e9jour superbe \u00e0 Kalamata.[\/vc_column_text][vc_media_grid element_width=\u00a0\u00bb3&Prime; gap=\u00a0\u00bb2&Prime; use_light_gallery=\u00a0\u00bbyes\u00a0\u00bb grid_id=\u00a0\u00bbvc_gid:1608702035572-da060726-c08c-5&Prime; include=\u00a0\u00bb2588,2583,2590,2586&Prime;][vc_btn title=\u00a0\u00bbVOIR CHAMBRES STANDARD\u00a0\u00bb style=\u00a0\u00bbcustom\u00a0\u00bb custom_background=\u00a0\u00bb#c39a2c\u00a0\u00bb custom_text=\u00a0\u00bb#ffffff\u00a0\u00bb size=\u00a0\u00bbsm\u00a0\u00bb link=\u00a0\u00bburl:%2Ffr%2Frooms%2Fstandard-room%2F|||\u00a0\u00bb][\/vc_column_inner][\/vc_row_inner][\/vc_column][\/vc_row][vc_row full_width=\u00a0\u00bbstretch_row\u00a0\u00bb css=\u00a0\u00bb.vc_custom_1554369068590{border-bottom-width: 1px !important;padding-top: 50px !important;padding-bottom: 50px !important;border-bottom-color: #eeeeee !important;}\u00a0\u00bb][vc_column][vc_row_inner][vc_column_inner width=\u00a0\u00bb1\/4&Prime;][vc_custom_heading text=\u00a0\u00bbChambres Sup\u00e9rieures\u00a0\u00bb font_container=\u00a0\u00bbtag:h4|font_size:35|text_align:left\u00a0\u00bb use_theme_fonts=\u00a0\u00bbyes\u00a0\u00bb el_class=\u00a0\u00bbh1-title\u00a0\u00bb][\/vc_column_inner][vc_column_inner width=\u00a0\u00bb3\/4&Prime;][vc_column_text css=\u00a0\u00bb.vc_custom_1558306262968{margin-bottom: 20px !important;}\u00a0\u00bb]Surplombant les rues pi\u00e9tonnes anim\u00e9es autour de l&rsquo;h\u00f4tel, les chambres sup\u00e9rieures de Rex H\u00f4tel vous invitent \u00e0 d\u00e9couvrir le rythme de la ville. \u00c9l\u00e9gantes et confortables, toutes dot\u00e9es d\u2019un parquet en ch\u00eane, nos chambres sup\u00e9rieures sont confortables et \u00e9quip\u00e9es de tout confort n\u00e9cessaire pour un s\u00e9jour agr\u00e9able. D\u2019une surface de 21 \u00e0 23m2 et divis\u00e9s en chambres simples, doubles (1 grand lit ou 2 lits individuels) ou triples, ces chambres sont id\u00e9ales pour profiter pleinement de l&rsquo;ambiance de la ville.[\/vc_column_text][vc_media_grid element_width=\u00a0\u00bb3&Prime; use_light_gallery=\u00a0\u00bbyes\u00a0\u00bb grid_id=\u00a0\u00bbvc_gid:1608702035574-213cf6b7-953c-0&Prime; include=\u00a0\u00bb2567,2528,2531,2527&Prime;][vc_btn title=\u00a0\u00bbCHAMBRES SUP\u00c9RIEURES\u00a0\u00bb style=\u00a0\u00bbcustom\u00a0\u00bb custom_background=\u00a0\u00bb#c39a2c\u00a0\u00bb custom_text=\u00a0\u00bb#ffffff\u00a0\u00bb size=\u00a0\u00bbsm\u00a0\u00bb link=\u00a0\u00bburl:%2Ffr%2Frooms%2Fsuperior-room%2F|||\u00a0\u00bb][\/vc_column_inner][\/vc_row_inner][\/vc_column][\/vc_row][vc_row full_width=\u00a0\u00bbstretch_row\u00a0\u00bb css=\u00a0\u00bb.vc_custom_1554369076629{border-bottom-width: 1px !important;padding-top: 50px !important;padding-bottom: 50px !important;background-color: #fafafa !important;}\u00a0\u00bb][vc_column][vc_row_inner][vc_column_inner width=\u00a0\u00bb1\/4&Prime;][vc_custom_heading text=\u00a0\u00bbSuites\u00a0\u00bb font_container=\u00a0\u00bbtag:h4|font_size:35|text_align:left\u00a0\u00bb use_theme_fonts=\u00a0\u00bbyes\u00a0\u00bb el_class=\u00a0\u00bbh1-title\u00a0\u00bb][\/vc_column_inner][vc_column_inner width=\u00a0\u00bb3\/4&Prime;][vc_column_text css=\u00a0\u00bb.vc_custom_1558306292911{margin-bottom: 20px !important;}\u00a0\u00bb]Nos deux suites situ\u00e9es au 5\u00e8me \u00e9tage sont accueillantes, \u00e9l\u00e9gantes, extr\u00eamement confortables et \u00e9quip\u00e9es de tout ce qui est n\u00e9cessaire pour un s\u00e9jour court ou long \u00e0 Kalamata. D\u2019une architecture et d\u2019une d\u00e9coration discr\u00e8te, d\u2019un design int\u00e9rieur fonctionnel, elles disposent tous les conforts et les services modernes. La Suite Junior (chambre de 20 m\u00b2 et un salon de 14 m\u00b2) et la Suite Sup\u00e9rieure (Chambre de 32 m\u00b2 et un salon de 24 m\u00b2) toutes les deux disposant un baignoire Jacuzzi, WC s\u00e9par\u00e9, parquet en ch\u00eane, grand balcon avec une vue magnifique et tout le luxe que vous m\u00e9ritez, rendra votre s\u00e9jour inoubliable.[\/vc_column_text][vc_media_grid element_width=\u00a0\u00bb3&Prime; use_light_gallery=\u00a0\u00bbyes\u00a0\u00bb grid_id=\u00a0\u00bbvc_gid:1608702035576-8b877d96-70a0-7&Prime; include=\u00a0\u00bb2599,2609,2616,2605&Prime;][vc_btn title=\u00a0\u00bbVOIR SUITES\u00a0\u00bb style=\u00a0\u00bbcustom\u00a0\u00bb custom_background=\u00a0\u00bb#c39a2c\u00a0\u00bb custom_text=\u00a0\u00bb#ffffff\u00a0\u00bb size=\u00a0\u00bbsm\u00a0\u00bb link=\u00a0\u00bburl:%2Ffr%2Frooms%2Fsuite%2F|||\u00a0\u00bb][\/vc_column_inner][\/vc_row_inner][\/vc_column][\/vc_row]<\/p>\n<\/section>","protected":false},"excerpt":{"rendered":"<p>[vc_row full_width=\u00a0\u00bbstretch_row\u00a0\u00bb css_animation=\u00a0\u00bbfadeIn\u00a0\u00bb bg_type=\u00a0\u00bbimage\u00a0\u00bb parallax_style=\u00a0\u00bbvcpb-vz-jquery\u00a0\u00bb bg_image_repeat=\u00a0\u00bbno-repeat\u00a0\u00bb enable_overlay=\u00a0\u00bbenable_overlay_value\u00a0\u00bb overlay_color=\u00a0\u00bb#000000&Prime; css=\u00a0\u00bb.vc_custom_1554375708583{background-image: url(https:\/\/rexhotel.gr\/wp-content\/uploads\/2019\/04\/Rex-Hotel-\u039e\u03b5\u03bd\u03bf\u03b4\u03bf\u03c7\u03b5\u03af\u03bf-4-\u0391\u03c3\u03c4\u03ad\u03c1\u03c9\u03bd-\u039a\u03b1\u03bb\u03b1\u03bc\u03ac\u03c4\u03b1-Accommodation-1.jpg?id=2756) !important;background-position: center !important;background-repeat: no-repeat !important;background-size: cover !important;}\u00a0\u00bb][vc_column][vc_empty_space height=\u00a0\u00bb250&Prime;][vc_custom_heading text=\u00a0\u00bbSejour\u00a0\u00bb font_container=\u00a0\u00bbtag:h1|text_align:center|color:%23ffffff\u00a0\u00bb use_theme_fonts=\u00a0\u00bbyes\u00a0\u00bb css=\u00a0\u00bb.vc_custom_1558306060964{margin-bottom: 35px !important;}\u00a0\u00bb el_class=\u00a0\u00bbh1-title\u00a0\u00bb][vc_single_image image=\u00a0\u00bb1276&Prime; img_size=\u00a0\u00bblarge\u00a0\u00bb css_animation=\u00a0\u00bbflipInX\u00a0\u00bb el_class=\u00a0\u00bbspa-divider\u00a0\u00bb][vc_column_text] Le s\u00e9jour le plus \u00ab\u00a0classique\u00a0\u00bb au centre-ville! [\/vc_column_text][vc_empty_space height=\u00a0\u00bb50&Prime;][\/vc_column][\/vc_row][vc_row][vc_column][lab_portfolio_items category_filter=\u00a0\u00bbno\u00a0\u00bb portfolio_type=\u00a0\u00bbtype-2&Prime; portfolio_query=\u00a0\u00bbsize:3|order_by:date|post_type:,portfolio|tax_query:45,46&Prime;][\/vc_column][\/vc_row][vc_row full_width=\u00a0\u00bbstretch_row\u00a0\u00bb][vc_column][vc_custom_heading text=\u00a0\u00bbRooms overview\u00a0\u00bb font_container=\u00a0\u00bbtag:h3|font_size:40|text_align:center\u00a0\u00bb use_theme_fonts=\u00a0\u00bbyes\u00a0\u00bb css=\u00a0\u00bb.vc_custom_1547261256231{margin-top: 40px !important;}\u00a0\u00bb][vc_column_text][\/vc_column_text][\/vc_column][\/vc_row][vc_row full_width=\u00a0\u00bbstretch_row\u00a0\u00bb css=\u00a0\u00bb.vc_custom_1554369033506{border-bottom-width: 1px !important;padding-bottom: 50px !important;background-color:&hellip;<\/p>\n","protected":false},"author":2,"featured_media":0,"parent":0,"menu_order":0,"comment_status":"closed","ping_status":"closed","template":"","meta":{"footnotes":""},"acf":[],"yoast_head":"<!-- This site is optimized with the Yoast SEO plugin v21.1 - https:\/\/yoast.com\/wordpress\/plugins\/seo\/ -->\n<title>Sejour - Rex Hotel Kalamata<\/title>\n<meta name=\"robots\" content=\"index, follow, max-snippet:-1, max-image-preview:large, max-video-preview:-1\" \/>\n<link rel=\"canonical\" href=\"https:\/\/rexhotel.gr\/fr\/sejour\/\" \/>\n<meta property=\"og:locale\" content=\"fr_FR\" \/>\n<meta property=\"og:type\" content=\"article\" \/>\n<meta property=\"og:title\" content=\"Sejour - Rex Hotel Kalamata\" \/>\n<meta property=\"og:description\" content=\"[vc_row full_width=\u00a0\u00bbstretch_row\u00a0\u00bb css_animation=\u00a0\u00bbfadeIn\u00a0\u00bb bg_type=\u00a0\u00bbimage\u00a0\u00bb parallax_style=\u00a0\u00bbvcpb-vz-jquery\u00a0\u00bb bg_image_repeat=\u00a0\u00bbno-repeat\u00a0\u00bb enable_overlay=\u00a0\u00bbenable_overlay_value\u00a0\u00bb overlay_color=\u00a0\u00bb#000000&Prime; css=\u00a0\u00bb.vc_custom_1554375708583{background-image: url(https:\/\/rexhotel.gr\/wp-content\/uploads\/2019\/04\/Rex-Hotel-\u039e\u03b5\u03bd\u03bf\u03b4\u03bf\u03c7\u03b5\u03af\u03bf-4-\u0391\u03c3\u03c4\u03ad\u03c1\u03c9\u03bd-\u039a\u03b1\u03bb\u03b1\u03bc\u03ac\u03c4\u03b1-Accommodation-1.jpg?id=2756) !important;background-position: center !important;background-repeat: no-repeat !important;background-size: cover !important;}\u00a0\u00bb][vc_column][vc_empty_space height=\u00a0\u00bb250&Prime;][vc_custom_heading text=\u00a0\u00bbSejour\u00a0\u00bb font_container=\u00a0\u00bbtag:h1|text_align:center|color:%23ffffff\u00a0\u00bb use_theme_fonts=\u00a0\u00bbyes\u00a0\u00bb css=\u00a0\u00bb.vc_custom_1558306060964{margin-bottom: 35px !important;}\u00a0\u00bb el_class=\u00a0\u00bbh1-title\u00a0\u00bb][vc_single_image image=\u00a0\u00bb1276&Prime; img_size=\u00a0\u00bblarge\u00a0\u00bb css_animation=\u00a0\u00bbflipInX\u00a0\u00bb el_class=\u00a0\u00bbspa-divider\u00a0\u00bb][vc_column_text] Le s\u00e9jour le plus \u00ab\u00a0classique\u00a0\u00bb au centre-ville! [\/vc_column_text][vc_empty_space height=\u00a0\u00bb50&Prime;][\/vc_column][\/vc_row][vc_row][vc_column][lab_portfolio_items category_filter=\u00a0\u00bbno\u00a0\u00bb portfolio_type=\u00a0\u00bbtype-2&Prime; portfolio_query=\u00a0\u00bbsize:3|order_by:date|post_type:,portfolio|tax_query:45,46&Prime;][\/vc_column][\/vc_row][vc_row full_width=\u00a0\u00bbstretch_row\u00a0\u00bb][vc_column][vc_custom_heading text=\u00a0\u00bbRooms overview\u00a0\u00bb font_container=\u00a0\u00bbtag:h3|font_size:40|text_align:center\u00a0\u00bb use_theme_fonts=\u00a0\u00bbyes\u00a0\u00bb css=\u00a0\u00bb.vc_custom_1547261256231{margin-top: 40px !important;}\u00a0\u00bb][vc_column_text][\/vc_column_text][\/vc_column][\/vc_row][vc_row full_width=\u00a0\u00bbstretch_row\u00a0\u00bb css=\u00a0\u00bb.vc_custom_1554369033506{border-bottom-width: 1px !important;padding-bottom: 50px !important;background-color:&hellip;\" \/>\n<meta property=\"og:url\" content=\"https:\/\/rexhotel.gr\/fr\/sejour\/\" \/>\n<meta property=\"og:site_name\" content=\"Rex Hotel Kalamata\" \/>\n<meta property=\"article:publisher\" content=\"https:\/\/www.facebook.com\/REX-HOTEL-Kalamata-691272554235547\/\" \/>\n<meta property=\"article:modified_time\" content=\"2021-05-02T01:08:45+00:00\" \/>\n<meta property=\"og:image\" content=\"https:\/\/rexhotel.gr\/wp-content\/uploads\/2018\/03\/divider2.png\" \/>\n<meta name=\"twitter:card\" content=\"summary_large_image\" \/>\n<meta name=\"twitter:label1\" content=\"Dur\u00e9e de lecture estim\u00e9e\" \/>\n\t<meta name=\"twitter:data1\" content=\"4 minutes\" \/>\n<script type=\"application\/ld+json\" class=\"yoast-schema-graph\">{\"@context\":\"https:\/\/schema.org\",\"@graph\":[{\"@type\":\"WebPage\",\"@id\":\"https:\/\/rexhotel.gr\/fr\/sejour\/\",\"url\":\"https:\/\/rexhotel.gr\/fr\/sejour\/\",\"name\":\"Sejour - Rex Hotel Kalamata\",\"isPartOf\":{\"@id\":\"https:\/\/rexhotel.gr\/#website\"},\"datePublished\":\"2019-05-19T22:56:38+00:00\",\"dateModified\":\"2021-05-02T01:08:45+00:00\",\"breadcrumb\":{\"@id\":\"https:\/\/rexhotel.gr\/fr\/sejour\/#breadcrumb\"},\"inLanguage\":\"fr-FR\",\"potentialAction\":[{\"@type\":\"ReadAction\",\"target\":[\"https:\/\/rexhotel.gr\/fr\/sejour\/\"]}]},{\"@type\":\"BreadcrumbList\",\"@id\":\"https:\/\/rexhotel.gr\/fr\/sejour\/#breadcrumb\",\"itemListElement\":[{\"@type\":\"ListItem\",\"position\":1,\"name\":\"Home\",\"item\":\"https:\/\/rexhotel.gr\/fr\/\"},{\"@type\":\"ListItem\",\"position\":2,\"name\":\"Sejour\"}]},{\"@type\":\"WebSite\",\"@id\":\"https:\/\/rexhotel.gr\/#website\",\"url\":\"https:\/\/rexhotel.gr\/\",\"name\":\"Rex Hotel Kalamata\",\"description\":\"4 Star Hotel in the city center\",\"publisher\":{\"@id\":\"https:\/\/rexhotel.gr\/#organization\"},\"potentialAction\":[{\"@type\":\"SearchAction\",\"target\":{\"@type\":\"EntryPoint\",\"urlTemplate\":\"https:\/\/rexhotel.gr\/?s={search_term_string}\"},\"query-input\":\"required name=search_term_string\"}],\"inLanguage\":\"fr-FR\"},{\"@type\":\"Organization\",\"@id\":\"https:\/\/rexhotel.gr\/#organization\",\"name\":\"Rex Hotel Kalamata\",\"url\":\"https:\/\/rexhotel.gr\/\",\"logo\":{\"@type\":\"ImageObject\",\"inLanguage\":\"fr-FR\",\"@id\":\"https:\/\/rexhotel.gr\/#\/schema\/logo\/image\/\",\"url\":\"https:\/\/rexhotel.gr\/wp-content\/uploads\/2019\/04\/Rex-Hotel-Kalamata-4-Star-City-Center.jpg\",\"contentUrl\":\"https:\/\/rexhotel.gr\/wp-content\/uploads\/2019\/04\/Rex-Hotel-Kalamata-4-Star-City-Center.jpg\",\"width\":512,\"height\":512,\"caption\":\"Rex Hotel Kalamata\"},\"image\":{\"@id\":\"https:\/\/rexhotel.gr\/#\/schema\/logo\/image\/\"},\"sameAs\":[\"https:\/\/www.facebook.com\/REX-HOTEL-Kalamata-691272554235547\/\",\"https:\/\/www.instagram.com\/rexhotelkalamata\/\",\"https:\/\/www.youtube.com\/channel\/UCdCNk7sdZ28KFslt28D1yOQ\"]}]}<\/script>\n<!-- \/ Yoast SEO plugin. -->","yoast_head_json":{"title":"Sejour - Rex Hotel Kalamata","robots":{"index":"index","follow":"follow","max-snippet":"max-snippet:-1","max-image-preview":"max-image-preview:large","max-video-preview":"max-video-preview:-1"},"canonical":"https:\/\/rexhotel.gr\/fr\/sejour\/","og_locale":"fr_FR","og_type":"article","og_title":"Sejour - Rex Hotel Kalamata","og_description":"[vc_row full_width=\u00a0\u00bbstretch_row\u00a0\u00bb css_animation=\u00a0\u00bbfadeIn\u00a0\u00bb bg_type=\u00a0\u00bbimage\u00a0\u00bb parallax_style=\u00a0\u00bbvcpb-vz-jquery\u00a0\u00bb bg_image_repeat=\u00a0\u00bbno-repeat\u00a0\u00bb enable_overlay=\u00a0\u00bbenable_overlay_value\u00a0\u00bb overlay_color=\u00a0\u00bb#000000&Prime; css=\u00a0\u00bb.vc_custom_1554375708583{background-image: url(https:\/\/rexhotel.gr\/wp-content\/uploads\/2019\/04\/Rex-Hotel-\u039e\u03b5\u03bd\u03bf\u03b4\u03bf\u03c7\u03b5\u03af\u03bf-4-\u0391\u03c3\u03c4\u03ad\u03c1\u03c9\u03bd-\u039a\u03b1\u03bb\u03b1\u03bc\u03ac\u03c4\u03b1-Accommodation-1.jpg?id=2756) !important;background-position: center !important;background-repeat: no-repeat !important;background-size: cover !important;}\u00a0\u00bb][vc_column][vc_empty_space height=\u00a0\u00bb250&Prime;][vc_custom_heading text=\u00a0\u00bbSejour\u00a0\u00bb font_container=\u00a0\u00bbtag:h1|text_align:center|color:%23ffffff\u00a0\u00bb use_theme_fonts=\u00a0\u00bbyes\u00a0\u00bb css=\u00a0\u00bb.vc_custom_1558306060964{margin-bottom: 35px !important;}\u00a0\u00bb el_class=\u00a0\u00bbh1-title\u00a0\u00bb][vc_single_image image=\u00a0\u00bb1276&Prime; img_size=\u00a0\u00bblarge\u00a0\u00bb css_animation=\u00a0\u00bbflipInX\u00a0\u00bb el_class=\u00a0\u00bbspa-divider\u00a0\u00bb][vc_column_text] Le s\u00e9jour le plus \u00ab\u00a0classique\u00a0\u00bb au centre-ville! [\/vc_column_text][vc_empty_space height=\u00a0\u00bb50&Prime;][\/vc_column][\/vc_row][vc_row][vc_column][lab_portfolio_items category_filter=\u00a0\u00bbno\u00a0\u00bb portfolio_type=\u00a0\u00bbtype-2&Prime; portfolio_query=\u00a0\u00bbsize:3|order_by:date|post_type:,portfolio|tax_query:45,46&Prime;][\/vc_column][\/vc_row][vc_row full_width=\u00a0\u00bbstretch_row\u00a0\u00bb][vc_column][vc_custom_heading text=\u00a0\u00bbRooms overview\u00a0\u00bb font_container=\u00a0\u00bbtag:h3|font_size:40|text_align:center\u00a0\u00bb use_theme_fonts=\u00a0\u00bbyes\u00a0\u00bb css=\u00a0\u00bb.vc_custom_1547261256231{margin-top: 40px !important;}\u00a0\u00bb][vc_column_text][\/vc_column_text][\/vc_column][\/vc_row][vc_row full_width=\u00a0\u00bbstretch_row\u00a0\u00bb css=\u00a0\u00bb.vc_custom_1554369033506{border-bottom-width: 1px !important;padding-bottom: 50px !important;background-color:&hellip;","og_url":"https:\/\/rexhotel.gr\/fr\/sejour\/","og_site_name":"Rex Hotel Kalamata","article_publisher":"https:\/\/www.facebook.com\/REX-HOTEL-Kalamata-691272554235547\/","article_modified_time":"2021-05-02T01:08:45+00:00","og_image":[{"url":"https:\/\/rexhotel.gr\/wp-content\/uploads\/2018\/03\/divider2.png"}],"twitter_card":"summary_large_image","twitter_misc":{"Dur\u00e9e de lecture estim\u00e9e":"4 minutes"},"schema":{"@context":"https:\/\/schema.org","@graph":[{"@type":"WebPage","@id":"https:\/\/rexhotel.gr\/fr\/sejour\/","url":"https:\/\/rexhotel.gr\/fr\/sejour\/","name":"Sejour - Rex Hotel Kalamata","isPartOf":{"@id":"https:\/\/rexhotel.gr\/#website"},"datePublished":"2019-05-19T22:56:38+00:00","dateModified":"2021-05-02T01:08:45+00:00","breadcrumb":{"@id":"https:\/\/rexhotel.gr\/fr\/sejour\/#breadcrumb"},"inLanguage":"fr-FR","potentialAction":[{"@type":"ReadAction","target":["https:\/\/rexhotel.gr\/fr\/sejour\/"]}]},{"@type":"BreadcrumbList","@id":"https:\/\/rexhotel.gr\/fr\/sejour\/#breadcrumb","itemListElement":[{"@type":"ListItem","position":1,"name":"Home","item":"https:\/\/rexhotel.gr\/fr\/"},{"@type":"ListItem","position":2,"name":"Sejour"}]},{"@type":"WebSite","@id":"https:\/\/rexhotel.gr\/#website","url":"https:\/\/rexhotel.gr\/","name":"Rex Hotel Kalamata","description":"4 Star Hotel in the city center","publisher":{"@id":"https:\/\/rexhotel.gr\/#organization"},"potentialAction":[{"@type":"SearchAction","target":{"@type":"EntryPoint","urlTemplate":"https:\/\/rexhotel.gr\/?s={search_term_string}"},"query-input":"required name=search_term_string"}],"inLanguage":"fr-FR"},{"@type":"Organization","@id":"https:\/\/rexhotel.gr\/#organization","name":"Rex Hotel Kalamata","url":"https:\/\/rexhotel.gr\/","logo":{"@type":"ImageObject","inLanguage":"fr-FR","@id":"https:\/\/rexhotel.gr\/#\/schema\/logo\/image\/","url":"https:\/\/rexhotel.gr\/wp-content\/uploads\/2019\/04\/Rex-Hotel-Kalamata-4-Star-City-Center.jpg","contentUrl":"https:\/\/rexhotel.gr\/wp-content\/uploads\/2019\/04\/Rex-Hotel-Kalamata-4-Star-City-Center.jpg","width":512,"height":512,"caption":"Rex Hotel Kalamata"},"image":{"@id":"https:\/\/rexhotel.gr\/#\/schema\/logo\/image\/"},"sameAs":["https:\/\/www.facebook.com\/REX-HOTEL-Kalamata-691272554235547\/","https:\/\/www.instagram.com\/rexhotelkalamata\/","https:\/\/www.youtube.com\/channel\/UCdCNk7sdZ28KFslt28D1yOQ"]}]}},"_links":{"self":[{"href":"https:\/\/rexhotel.gr\/fr\/wp-json\/wp\/v2\/pages\/4108"}],"collection":[{"href":"https:\/\/rexhotel.gr\/fr\/wp-json\/wp\/v2\/pages"}],"about":[{"href":"https:\/\/rexhotel.gr\/fr\/wp-json\/wp\/v2\/types\/page"}],"author":[{"embeddable":true,"href":"https:\/\/rexhotel.gr\/fr\/wp-json\/wp\/v2\/users\/2"}],"replies":[{"embeddable":true,"href":"https:\/\/rexhotel.gr\/fr\/wp-json\/wp\/v2\/comments?post=4108"}],"version-history":[{"count":4,"href":"https:\/\/rexhotel.gr\/fr\/wp-json\/wp\/v2\/pages\/4108\/revisions"}],"predecessor-version":[{"id":4372,"href":"https:\/\/rexhotel.gr\/fr\/wp-json\/wp\/v2\/pages\/4108\/revisions\/4372"}],"wp:attachment":[{"href":"https:\/\/rexhotel.gr\/fr\/wp-json\/wp\/v2\/media?parent=4108"}],"curies":[{"name":"wp","href":"https:\/\/api.w.org\/{rel}","templated":true}]}}